{"id":14,"date":"2019-11-27T02:58:48","date_gmt":"2019-11-27T02:58:48","guid":{"rendered":"https:\/\/demosoledad.pencidesign.net\/soledad-logistics-business-multipurpose\/?page_id=14"},"modified":"2024-12-02T21:04:45","modified_gmt":"2024-12-02T21:04:45","slug":"blogumuz","status":"publish","type":"page","link":"https:\/\/www.cilingirara.com.tr\/?page_id=14","title":{"rendered":"Blogumuz"},"content":{"rendered":"\t\t<div data-elementor-type=\"wp-page\" data-elementor-id=\"14\" class=\"elementor elementor-14\">\n\t\t\t\t\t\t<section class=\"penci-section penci-dmcheck penci-elbg-activate penci-disSticky penci-structure-10 elementor-section elementor-top-section elementor-element elementor-element-e78d4c7 elementor-section-boxed elementor-section-height-default elementor-section-height-default\" data-id=\"e78d4c7\" data-element_type=\"section\" data-settings=\"{&quot;background_background&quot;:&quot;classic&quot;}\">\n\t\t\t\t\t\t<div class=\"elementor-container elementor-column-gap-narrow\">\n\t\t\t\t\t<div class=\"penci-ercol-100 penci-ercol-order-1 penci-sticky-ct    elementor-column elementor-col-100 elementor-top-column elementor-element elementor-element-59c6b22\" data-id=\"59c6b22\" data-element_type=\"column\">\n\t\t\t<div class=\"elementor-widget-wrap elementor-element-populated\">\n\t\t\t\t\t\t<div class=\"elementor-element elementor-element-6d3af1e elementor-widget elementor-widget-penci-fancy_heading\" data-id=\"6d3af1e\" data-element_type=\"widget\" data-widget_type=\"penci-fancy_heading.default\">\n\t\t\t\t<div class=\"elementor-widget-container\">\n\t\t\t\t\t\t\t<div class=\"penci-fancy-heading penci-heading-text-left\">\n\t\t\t<div class=\"penci-fancy-heading-inner\">\n\t\t\t\t<h2 class=\"penci-heading-title\"><span class=\"inner-tit\">Blogumuz<\/span><\/h2>\t\t\t<\/div>\n\t\t<\/div>\n\t\t\t\t\t\t<\/div>\n\t\t\t\t<\/div>\n\t\t\t\t\t<\/div>\n\t\t<\/div>\n\t\t\t\t\t<\/div>\n\t\t<\/section>\n\t\t\t\t<section class=\"penci-section penci-disSticky penci-structure-10 elementor-section elementor-top-section elementor-element elementor-element-a9305c7 elementor-section-boxed elementor-section-height-default elementor-section-height-default\" data-id=\"a9305c7\" data-element_type=\"section\">\n\t\t\t\t\t\t<div class=\"elementor-container elementor-column-gap-no\">\n\t\t\t\t\t<div class=\"penci-ercol-100 penci-ercol-order-1 penci-sticky-ct    elementor-column elementor-col-100 elementor-top-column elementor-element elementor-element-1e5c35b\" data-id=\"1e5c35b\" data-element_type=\"column\">\n\t\t\t<div class=\"elementor-widget-wrap elementor-element-populated\">\n\t\t\t\t\t\t<div class=\"elementor-element elementor-element-036a97d elementor-widget elementor-widget-penci-latest-posts\" data-id=\"036a97d\" data-element_type=\"widget\" data-widget_type=\"penci-latest-posts.default\">\n\t\t\t\t<div class=\"elementor-widget-container\">\n\t\t\t\t\t                <div id=\"pencilatest_posts_47735\" class=\"penci-latest-posts-sc penci-latest-posts-grid penci-latest-posts-el penci-el-mixed-s1 penci-latest-posts-left penci-std-continue-center penci-std-excerpt-center penci-grid-excerpt-left\">\n\t\t\t\t\t                    <div class=\"penci-wrapper-posts-ajax\">\n\n                        <div class=\"penci-wrapper-posts-content pwid-default\">\n\n\t\t\t\t\t\t\t\t\t\t\t\t\t\t\t                                <ul data-cols=\"3\" data-tcols=\"3\" data-mcols=\"2\" data-layout=\"grid\"\n                                    class=\"has-d-cols has-t-cols has-m-cols penci-wrapper-data penci-grid penci-shortcode-render\">\t\t\t\t\t\t\t\t\t\t\t\t\t\t\t\t\t\t\t\t<li class=\"grid-style\">\n    <article id=\"post-434\" class=\"item hentry\">\n\t\t            <div class=\"thumbnail\">\n\t\t\t\t\t\t\t\t                    <a class=\"penci-image-holder penci-lazy\"\n                       data-bgset=\"https:\/\/www.cilingirara.com.tr\/wp-content\/uploads\/2024\/12\/sfn-6-585x390.png\"\n                       href=\"https:\/\/www.cilingirara.com.tr\/?p=434\" title=\"Pendik, Tuzla, Kartal, Maltepe T\u00fcm Mahalleler \u00c7ilingir Hizmeti\">\n                    <\/a>\n\t\t\t\t\n\t\t\t\t\t\t\t\t\t\t\t\t\t\t\t\t\t\t\t\t\t\t\t\t\t\t\t\t\t\t\t\t\t            <\/div>\n\t\t\n        <div class=\"grid-header-box\">\n\t\t\t                <span class=\"cat\"><a style=\"\" class=\"penci-cat-name penci-cat-1\" href=\"https:\/\/www.cilingirara.com.tr\/?cat=1\"  rel=\"category tag\"><span style=\"\">Uncategorized<\/span><\/a><\/span>\n\t\t\t\n            <h2 class=\"penci-entry-title entry-title grid-title penci_grid_title_df\"><a\n                        href=\"https:\/\/www.cilingirara.com.tr\/?p=434\">Pendik, Tuzla, Kartal, Maltepe T\u00fcm Mahalleler \u00c7ilingir Hizmeti<\/a>\n            <\/h2>\n\t\t\t\t\t\t\t\t<div class=\"penci-hide-tagupdated\">\n\t\t\t<span class=\"author-italic author vcard\">by \t\t\t\t\t\t\t\t\t\t<a class=\"author-url url fn n\"\n\t\t\t\t\t\t\t\t\t\t\thref=\"https:\/\/www.cilingirara.com.tr\/?author=1\">admin<\/a>\n\t\t\t\t\t\t\t\t\t<\/span>\n\t\t\t<time class=\"entry-date published\" datetime=\"2024-12-02T22:24:27+00:00\">Aral\u0131k 2, 2024<\/time>\t\t<\/div>\n\t\t\t\t\t\t                <div class=\"grid-post-box-meta\">\n\t\t\t\t\t\t\t\t\t\t                        <span class=\"otherl-date-author author-italic author vcard\">by                                 <a class=\"author-url url fn n\"\n                                   href=\"https:\/\/www.cilingirara.com.tr\/?author=1\">admin<\/a>\n\t\t\t\t\t\t\t<\/span>\n\t\t\t\t\t\t\t\t\t\t                        <span class=\"otherl-date\"><time class=\"entry-date published\" datetime=\"2024-12-02T22:24:27+00:00\">Aral\u0131k 2, 2024<\/time><\/span>\n\t\t\t\t\t\t\t\t\t\t\t\t\t\t\t\t\t\t\t\t\t\t\t\t\t                <\/div>\n\t\t\t        <\/div>\n\n\t\t            <div class=\"item-content entry-content\">\n\t\t\t\t<p>H\u0131zl\u0131 ve G\u00fcvenli \u00c7\u00f6z\u00fcmler G\u00fcn\u00fcm\u00fczde, g\u00fcvenlik ve kilit sorunlar\u0131, hayat\u0131n her alan\u0131nda kar\u015f\u0131m\u0131za \u00e7\u0131kabilir. Evinizde, i\u015f yerinizde ya da arac\u0131n\u0131zda kilitlenmi\u015f kalmak, \u00f6nemli &#8230;<\/p>\n            <\/div>\n\t\t\n\t\t\n\t\t    <\/article>\n<\/li>\n<li class=\"grid-style\">\n    <article id=\"post-396\" class=\"item hentry\">\n\t\t            <div class=\"thumbnail\">\n\t\t\t\t\t\t\t\t                    <a class=\"penci-image-holder penci-lazy\"\n                       data-bgset=\"https:\/\/www.cilingirara.com.tr\/wp-content\/uploads\/2024\/12\/21-585x390.png\"\n                       href=\"https:\/\/www.cilingirara.com.tr\/?p=396\" title=\"Topuzlu Kilit A\u00e7ma\">\n                    <\/a>\n\t\t\t\t\n\t\t\t\t\t\t\t\t\t\t\t\t\t\t\t\t\t\t\t\t\t\t\t\t\t\t\t\t\t\t\t\t\t            <\/div>\n\t\t\n        <div class=\"grid-header-box\">\n\t\t\t                <span class=\"cat\"><a style=\"\" class=\"penci-cat-name penci-cat-1\" href=\"https:\/\/www.cilingirara.com.tr\/?cat=1\"  rel=\"category tag\"><span style=\"\">Uncategorized<\/span><\/a><\/span>\n\t\t\t\n            <h2 class=\"penci-entry-title entry-title grid-title penci_grid_title_df\"><a\n                        href=\"https:\/\/www.cilingirara.com.tr\/?p=396\">Topuzlu Kilit A\u00e7ma<\/a>\n            <\/h2>\n\t\t\t\t\t\t\t\t<div class=\"penci-hide-tagupdated\">\n\t\t\t<span class=\"author-italic author vcard\">by \t\t\t\t\t\t\t\t\t\t<a class=\"author-url url fn n\"\n\t\t\t\t\t\t\t\t\t\t\thref=\"https:\/\/www.cilingirara.com.tr\/?author=1\">admin<\/a>\n\t\t\t\t\t\t\t\t\t<\/span>\n\t\t\t<time class=\"entry-date published\" datetime=\"2024-12-02T21:18:20+00:00\">Aral\u0131k 2, 2024<\/time>\t\t<\/div>\n\t\t\t\t\t\t                <div class=\"grid-post-box-meta\">\n\t\t\t\t\t\t\t\t\t\t                        <span class=\"otherl-date-author author-italic author vcard\">by                                 <a class=\"author-url url fn n\"\n                                   href=\"https:\/\/www.cilingirara.com.tr\/?author=1\">admin<\/a>\n\t\t\t\t\t\t\t<\/span>\n\t\t\t\t\t\t\t\t\t\t                        <span class=\"otherl-date\"><time class=\"entry-date published\" datetime=\"2024-12-02T21:18:20+00:00\">Aral\u0131k 2, 2024<\/time><\/span>\n\t\t\t\t\t\t\t\t\t\t\t\t\t\t\t\t\t\t\t\t\t\t\t\t\t                <\/div>\n\t\t\t        <\/div>\n\n\t\t            <div class=\"item-content entry-content\">\n\t\t\t\t<p>G\u00fcvenli\u011finizi Riske Atmadan Profesyonel \u00c7\u00f6z\u00fcmler Kilitler, evlerin, i\u015fyerlerinin ve de\u011ferli e\u015fyalar\u0131m\u0131z\u0131n korunmas\u0131nda \u00f6nemli bir rol oynar. Ancak zaman zaman, bu kilitlerin ar\u0131zalanmas\u0131, anahtar &#8230;<\/p>\n            <\/div>\n\t\t\n\t\t\n\t\t    <\/article>\n<\/li>\n<li class=\"grid-style\">\n    <article id=\"post-394\" class=\"item hentry\">\n\t\t            <div class=\"thumbnail\">\n\t\t\t\t\t\t\t\t                    <a class=\"penci-image-holder penci-lazy\"\n                       data-bgset=\"https:\/\/www.cilingirara.com.tr\/wp-content\/uploads\/2024\/12\/20-585x390.png\"\n                       href=\"https:\/\/www.cilingirara.com.tr\/?p=394\" title=\"Oto \u00c7ilingir\">\n                    <\/a>\n\t\t\t\t\n\t\t\t\t\t\t\t\t\t\t\t\t\t\t\t\t\t\t\t\t\t\t\t\t\t\t\t\t\t\t\t\t\t            <\/div>\n\t\t\n        <div class=\"grid-header-box\">\n\t\t\t                <span class=\"cat\"><a style=\"\" class=\"penci-cat-name penci-cat-1\" href=\"https:\/\/www.cilingirara.com.tr\/?cat=1\"  rel=\"category tag\"><span style=\"\">Uncategorized<\/span><\/a><\/span>\n\t\t\t\n            <h2 class=\"penci-entry-title entry-title grid-title penci_grid_title_df\"><a\n                        href=\"https:\/\/www.cilingirara.com.tr\/?p=394\">Oto \u00c7ilingir<\/a>\n            <\/h2>\n\t\t\t\t\t\t\t\t<div class=\"penci-hide-tagupdated\">\n\t\t\t<span class=\"author-italic author vcard\">by \t\t\t\t\t\t\t\t\t\t<a class=\"author-url url fn n\"\n\t\t\t\t\t\t\t\t\t\t\thref=\"https:\/\/www.cilingirara.com.tr\/?author=1\">admin<\/a>\n\t\t\t\t\t\t\t\t\t<\/span>\n\t\t\t<time class=\"entry-date published\" datetime=\"2024-12-02T21:16:37+00:00\">Aral\u0131k 2, 2024<\/time>\t\t<\/div>\n\t\t\t\t\t\t                <div class=\"grid-post-box-meta\">\n\t\t\t\t\t\t\t\t\t\t                        <span class=\"otherl-date-author author-italic author vcard\">by                                 <a class=\"author-url url fn n\"\n                                   href=\"https:\/\/www.cilingirara.com.tr\/?author=1\">admin<\/a>\n\t\t\t\t\t\t\t<\/span>\n\t\t\t\t\t\t\t\t\t\t                        <span class=\"otherl-date\"><time class=\"entry-date published\" datetime=\"2024-12-02T21:16:37+00:00\">Aral\u0131k 2, 2024<\/time><\/span>\n\t\t\t\t\t\t\t\t\t\t\t\t\t\t\t\t\t\t\t\t\t\t\t\t\t                <\/div>\n\t\t\t        <\/div>\n\n\t\t            <div class=\"item-content entry-content\">\n\t\t\t\t<p>Arac\u0131n\u0131z\u0131n Anahtar ve Kilit Sorunlar\u0131nda Profesyonel Yard\u0131m Arac\u0131n\u0131z\u0131n anahtar\u0131n\u0131 kaybetmek, kilitlerinin bozulmas\u0131 veya arac\u0131n\u0131za giri\u015fte ya\u015fanan di\u011fer sorunlar, her s\u00fcr\u00fcc\u00fcn\u00fcn kar\u015f\u0131la\u015fabilece\u011fi can s\u0131k\u0131c\u0131 &#8230;<\/p>\n            <\/div>\n\t\t\n\t\t\n\t\t    <\/article>\n<\/li>\n<li class=\"grid-style\">\n    <article id=\"post-392\" class=\"item hentry\">\n\t\t            <div class=\"thumbnail\">\n\t\t\t\t\t\t\t\t                    <a class=\"penci-image-holder penci-lazy\"\n                       data-bgset=\"https:\/\/www.cilingirara.com.tr\/wp-content\/uploads\/2024\/12\/sfn-4-585x390.png\"\n                       href=\"https:\/\/www.cilingirara.com.tr\/?p=392\" title=\"Kasa \u00c7ilingir\">\n                    <\/a>\n\t\t\t\t\n\t\t\t\t\t\t\t\t\t\t\t\t\t\t\t\t\t\t\t\t\t\t\t\t\t\t\t\t\t\t\t\t\t            <\/div>\n\t\t\n        <div class=\"grid-header-box\">\n\t\t\t                <span class=\"cat\"><a style=\"\" class=\"penci-cat-name penci-cat-1\" href=\"https:\/\/www.cilingirara.com.tr\/?cat=1\"  rel=\"category tag\"><span style=\"\">Uncategorized<\/span><\/a><\/span>\n\t\t\t\n            <h2 class=\"penci-entry-title entry-title grid-title penci_grid_title_df\"><a\n                        href=\"https:\/\/www.cilingirara.com.tr\/?p=392\">Kasa \u00c7ilingir<\/a>\n            <\/h2>\n\t\t\t\t\t\t\t\t<div class=\"penci-hide-tagupdated\">\n\t\t\t<span class=\"author-italic author vcard\">by \t\t\t\t\t\t\t\t\t\t<a class=\"author-url url fn n\"\n\t\t\t\t\t\t\t\t\t\t\thref=\"https:\/\/www.cilingirara.com.tr\/?author=1\">admin<\/a>\n\t\t\t\t\t\t\t\t\t<\/span>\n\t\t\t<time class=\"entry-date published\" datetime=\"2024-12-02T21:14:59+00:00\">Aral\u0131k 2, 2024<\/time>\t\t<\/div>\n\t\t\t\t\t\t                <div class=\"grid-post-box-meta\">\n\t\t\t\t\t\t\t\t\t\t                        <span class=\"otherl-date-author author-italic author vcard\">by                                 <a class=\"author-url url fn n\"\n                                   href=\"https:\/\/www.cilingirara.com.tr\/?author=1\">admin<\/a>\n\t\t\t\t\t\t\t<\/span>\n\t\t\t\t\t\t\t\t\t\t                        <span class=\"otherl-date\"><time class=\"entry-date published\" datetime=\"2024-12-02T21:14:59+00:00\">Aral\u0131k 2, 2024<\/time><\/span>\n\t\t\t\t\t\t\t\t\t\t\t\t\t\t\t\t\t\t\t\t\t\t\t\t\t                <\/div>\n\t\t\t        <\/div>\n\n\t\t            <div class=\"item-content entry-content\">\n\t\t\t\t<p>G\u00fcvenli\u011finiz \u0130\u00e7in Profesyonel \u00c7\u00f6z\u00fcmler G\u00fcn\u00fcm\u00fczde kasa kullan\u0131m\u0131, de\u011ferli e\u015fyalar\u0131n, belgelerin ve para gibi \u00f6nemli \u00f6\u011felerin g\u00fcvenli\u011fini sa\u011flamak amac\u0131yla b\u00fcy\u00fck bir \u00f6neme sahiptir. Ancak, &#8230;<\/p>\n            <\/div>\n\t\t\n\t\t\n\t\t    <\/article>\n<\/li>\n<li class=\"grid-style\">\n    <article id=\"post-390\" class=\"item hentry\">\n\t\t            <div class=\"thumbnail\">\n\t\t\t\t\t\t\t\t                    <a class=\"penci-image-holder penci-lazy\"\n                       data-bgset=\"https:\/\/www.cilingirara.com.tr\/wp-content\/uploads\/2024\/12\/19-585x390.png\"\n                       href=\"https:\/\/www.cilingirara.com.tr\/?p=390\" title=\"Anahtar\">\n                    <\/a>\n\t\t\t\t\n\t\t\t\t\t\t\t\t\t\t\t\t\t\t\t\t\t\t\t\t\t\t\t\t\t\t\t\t\t\t\t\t\t            <\/div>\n\t\t\n        <div class=\"grid-header-box\">\n\t\t\t                <span class=\"cat\"><a style=\"\" class=\"penci-cat-name penci-cat-1\" href=\"https:\/\/www.cilingirara.com.tr\/?cat=1\"  rel=\"category tag\"><span style=\"\">Uncategorized<\/span><\/a><\/span>\n\t\t\t\n            <h2 class=\"penci-entry-title entry-title grid-title penci_grid_title_df\"><a\n                        href=\"https:\/\/www.cilingirara.com.tr\/?p=390\">Anahtar<\/a>\n            <\/h2>\n\t\t\t\t\t\t\t\t<div class=\"penci-hide-tagupdated\">\n\t\t\t<span class=\"author-italic author vcard\">by \t\t\t\t\t\t\t\t\t\t<a class=\"author-url url fn n\"\n\t\t\t\t\t\t\t\t\t\t\thref=\"https:\/\/www.cilingirara.com.tr\/?author=1\">admin<\/a>\n\t\t\t\t\t\t\t\t\t<\/span>\n\t\t\t<time class=\"entry-date published\" datetime=\"2024-12-02T21:13:10+00:00\">Aral\u0131k 2, 2024<\/time>\t\t<\/div>\n\t\t\t\t\t\t                <div class=\"grid-post-box-meta\">\n\t\t\t\t\t\t\t\t\t\t                        <span class=\"otherl-date-author author-italic author vcard\">by                                 <a class=\"author-url url fn n\"\n                                   href=\"https:\/\/www.cilingirara.com.tr\/?author=1\">admin<\/a>\n\t\t\t\t\t\t\t<\/span>\n\t\t\t\t\t\t\t\t\t\t                        <span class=\"otherl-date\"><time class=\"entry-date published\" datetime=\"2024-12-02T21:13:10+00:00\">Aral\u0131k 2, 2024<\/time><\/span>\n\t\t\t\t\t\t\t\t\t\t\t\t\t\t\t\t\t\t\t\t\t\t\t\t\t                <\/div>\n\t\t\t        <\/div>\n\n\t\t            <div class=\"item-content entry-content\">\n\t\t\t\t<p>Ev ve \u0130\u015fyerinizin G\u00fcvenli\u011fi \u0130\u00e7in Temel Bir Ara\u00e7 Anahtar, g\u00fcnl\u00fck ya\u015fam\u0131m\u0131z\u0131n vazge\u00e7ilmez bir par\u00e7as\u0131d\u0131r. Evlerimiz, i\u015fyerlerimiz, ara\u00e7lar\u0131m\u0131z ve de\u011ferli e\u015fyalar\u0131m\u0131z\u0131n g\u00fcvenli\u011fi i\u00e7in anahtarlar, &#8230;<\/p>\n            <\/div>\n\t\t\n\t\t\n\t\t    <\/article>\n<\/li>\n<li class=\"grid-style\">\n    <article id=\"post-388\" class=\"item hentry\">\n\t\t            <div class=\"thumbnail\">\n\t\t\t\t\t\t\t\t                    <a class=\"penci-image-holder penci-lazy\"\n                       data-bgset=\"https:\/\/www.cilingirara.com.tr\/wp-content\/uploads\/2024\/12\/18-585x390.png\"\n                       href=\"https:\/\/www.cilingirara.com.tr\/?p=388\" title=\"Y\u00fcksek G\u00fcvenlikli Kilit\">\n                    <\/a>\n\t\t\t\t\n\t\t\t\t\t\t\t\t\t\t\t\t\t\t\t\t\t\t\t\t\t\t\t\t\t\t\t\t\t\t\t\t\t            <\/div>\n\t\t\n        <div class=\"grid-header-box\">\n\t\t\t                <span class=\"cat\"><a style=\"\" class=\"penci-cat-name penci-cat-1\" href=\"https:\/\/www.cilingirara.com.tr\/?cat=1\"  rel=\"category tag\"><span style=\"\">Uncategorized<\/span><\/a><\/span>\n\t\t\t\n            <h2 class=\"penci-entry-title entry-title grid-title penci_grid_title_df\"><a\n                        href=\"https:\/\/www.cilingirara.com.tr\/?p=388\">Y\u00fcksek G\u00fcvenlikli Kilit<\/a>\n            <\/h2>\n\t\t\t\t\t\t\t\t<div class=\"penci-hide-tagupdated\">\n\t\t\t<span class=\"author-italic author vcard\">by \t\t\t\t\t\t\t\t\t\t<a class=\"author-url url fn n\"\n\t\t\t\t\t\t\t\t\t\t\thref=\"https:\/\/www.cilingirara.com.tr\/?author=1\">admin<\/a>\n\t\t\t\t\t\t\t\t\t<\/span>\n\t\t\t<time class=\"entry-date published\" datetime=\"2024-12-02T21:11:17+00:00\">Aral\u0131k 2, 2024<\/time>\t\t<\/div>\n\t\t\t\t\t\t                <div class=\"grid-post-box-meta\">\n\t\t\t\t\t\t\t\t\t\t                        <span class=\"otherl-date-author author-italic author vcard\">by                                 <a class=\"author-url url fn n\"\n                                   href=\"https:\/\/www.cilingirara.com.tr\/?author=1\">admin<\/a>\n\t\t\t\t\t\t\t<\/span>\n\t\t\t\t\t\t\t\t\t\t                        <span class=\"otherl-date\"><time class=\"entry-date published\" datetime=\"2024-12-02T21:11:17+00:00\">Aral\u0131k 2, 2024<\/time><\/span>\n\t\t\t\t\t\t\t\t\t\t\t\t\t\t\t\t\t\t\t\t\t\t\t\t\t                <\/div>\n\t\t\t        <\/div>\n\n\t\t            <div class=\"item-content entry-content\">\n\t\t\t\t<p>Ev ve \u0130\u015fyeriniz \u0130\u00e7in En \u0130yi Koruma G\u00fcn\u00fcm\u00fczde g\u00fcvenlik, evlerimiz ve i\u015fyerlerimiz i\u00e7in en \u00f6ncelikli konulardan biri haline geldi. \u00d6zellikle de\u011ferli e\u015fyalar\u0131n bulundu\u011fu &#8230;<\/p>\n            <\/div>\n\t\t\n\t\t\n\t\t    <\/article>\n<\/li>\n<li class=\"grid-style\">\n    <article id=\"post-386\" class=\"item hentry\">\n\t\t            <div class=\"thumbnail\">\n\t\t\t\t\t\t\t\t                    <a class=\"penci-image-holder penci-lazy\"\n                       data-bgset=\"https:\/\/www.cilingirara.com.tr\/wp-content\/uploads\/2024\/12\/17-585x390.png\"\n                       href=\"https:\/\/www.cilingirara.com.tr\/?p=386\" title=\"Anahtar \u00c7o\u011faltma\">\n                    <\/a>\n\t\t\t\t\n\t\t\t\t\t\t\t\t\t\t\t\t\t\t\t\t\t\t\t\t\t\t\t\t\t\t\t\t\t\t\t\t\t            <\/div>\n\t\t\n        <div class=\"grid-header-box\">\n\t\t\t                <span class=\"cat\"><a style=\"\" class=\"penci-cat-name penci-cat-1\" href=\"https:\/\/www.cilingirara.com.tr\/?cat=1\"  rel=\"category tag\"><span style=\"\">Uncategorized<\/span><\/a><\/span>\n\t\t\t\n            <h2 class=\"penci-entry-title entry-title grid-title penci_grid_title_df\"><a\n                        href=\"https:\/\/www.cilingirara.com.tr\/?p=386\">Anahtar \u00c7o\u011faltma<\/a>\n            <\/h2>\n\t\t\t\t\t\t\t\t<div class=\"penci-hide-tagupdated\">\n\t\t\t<span class=\"author-italic author vcard\">by \t\t\t\t\t\t\t\t\t\t<a class=\"author-url url fn n\"\n\t\t\t\t\t\t\t\t\t\t\thref=\"https:\/\/www.cilingirara.com.tr\/?author=1\">admin<\/a>\n\t\t\t\t\t\t\t\t\t<\/span>\n\t\t\t<time class=\"entry-date published\" datetime=\"2024-12-02T21:08:51+00:00\">Aral\u0131k 2, 2024<\/time>\t\t<\/div>\n\t\t\t\t\t\t                <div class=\"grid-post-box-meta\">\n\t\t\t\t\t\t\t\t\t\t                        <span class=\"otherl-date-author author-italic author vcard\">by                                 <a class=\"author-url url fn n\"\n                                   href=\"https:\/\/www.cilingirara.com.tr\/?author=1\">admin<\/a>\n\t\t\t\t\t\t\t<\/span>\n\t\t\t\t\t\t\t\t\t\t                        <span class=\"otherl-date\"><time class=\"entry-date published\" datetime=\"2024-12-02T21:08:51+00:00\">Aral\u0131k 2, 2024<\/time><\/span>\n\t\t\t\t\t\t\t\t\t\t\t\t\t\t\t\t\t\t\t\t\t\t\t\t\t                <\/div>\n\t\t\t        <\/div>\n\n\t\t            <div class=\"item-content entry-content\">\n\t\t\t\t<p>Kolay ve G\u00fcvenli Bir \u00c7\u00f6z\u00fcm Anahtar \u00e7o\u011faltma, g\u00fcnl\u00fck ya\u015famda s\u0131k\u00e7a kar\u015f\u0131la\u015ft\u0131\u011f\u0131m\u0131z bir ihtiya\u00e7t\u0131r. Hem ev hem de i\u015f yerlerinde anahtarlar kaybolabilir, k\u0131r\u0131labilir ya &#8230;<\/p>\n            <\/div>\n\t\t\n\t\t\n\t\t    <\/article>\n<\/li>\n\n\t\t\t\t\t\t\t\t\t\t\t\t\t\t\t\t\t\t\t\t\t\t\t\t\t\t\t\t<\/ul>\n\t\t\t\t\t\t\t\t\t\t\t\t\t\t\t\t\t\t\t\t\t                        <\/div>\n\n\t\t\t\t\t\t                    <\/div>\n                <\/div>\n\t\t\t            <style>\n                                                                                                                                #pencilatest_posts_47735                .list-post .header-list-style:after,\n                #pencilatest_posts_47735 .grid-header-box:after,\n                #pencilatest_posts_47735 .penci-overlay-over .overlay-header-box:after,\n                #pencilatest_posts_47735 .home-featured-cat-content .first-post .magcat-detail .mag-header:after {\n                    content: none;\n                }\n                #pencilatest_posts_47735                .list-post .header-list-style, #pencilatest_posts_47735 .grid-header-box,\n                #pencilatest_posts_47735 .penci-overlay-over .overlay-header-box,\n                #pencilatest_posts_47735 .home-featured-cat-content .first-post .magcat-detail .mag-header {\n                    padding-bottom: 0;\n                }\n                                                                            <\/style>\n\t\t\t\t\t\t\t<\/div>\n\t\t\t\t<\/div>\n\t\t\t\t\t<\/div>\n\t\t<\/div>\n\t\t\t\t\t<\/div>\n\t\t<\/section>\n\t\t\t\t<\/div>\n\t\t","protected":false},"excerpt":{"rendered":"<p>Blogumuz Logistics Realizing Savings of Over $3.2 Million for a Pharmaceutical Logistics Company by admin Eyl\u00fcl 24, 2019 by admin Eyl\u00fcl 24, 2019 Lommodo ligula eget dolor. Aenean massa. Cum&hellip;<\/p>\n","protected":false},"author":1,"featured_media":0,"parent":0,"menu_order":0,"comment_status":"closed","ping_status":"closed","template":"page-fullwidth.php","meta":{"content-type":"","_lmt_disableupdate":"","_lmt_disable":"","footnotes":""},"class_list":["post-14","page","type-page","status-publish","hentry"],"_links":{"self":[{"href":"https:\/\/www.cilingirara.com.tr\/index.php?rest_route=\/wp\/v2\/pages\/14","targetHints":{"allow":["GET"]}}],"collection":[{"href":"https:\/\/www.cilingirara.com.tr\/index.php?rest_route=\/wp\/v2\/pages"}],"about":[{"href":"https:\/\/www.cilingirara.com.tr\/index.php?rest_route=\/wp\/v2\/types\/page"}],"author":[{"embeddable":true,"href":"https:\/\/www.cilingirara.com.tr\/index.php?rest_route=\/wp\/v2\/users\/1"}],"replies":[{"embeddable":true,"href":"https:\/\/www.cilingirara.com.tr\/index.php?rest_route=%2Fwp%2Fv2%2Fcomments&post=14"}],"version-history":[{"count":4,"href":"https:\/\/www.cilingirara.com.tr\/index.php?rest_route=\/wp\/v2\/pages\/14\/revisions"}],"predecessor-version":[{"id":373,"href":"https:\/\/www.cilingirara.com.tr\/index.php?rest_route=\/wp\/v2\/pages\/14\/revisions\/373"}],"wp:attachment":[{"href":"https:\/\/www.cilingirara.com.tr\/index.php?rest_route=%2Fwp%2Fv2%2Fmedia&parent=14"}],"curies":[{"name":"wp","href":"https:\/\/api.w.org\/{rel}","templated":true}]}}